{"id":44,"date":"2021-10-29T16:40:56","date_gmt":"2021-10-29T14:40:56","guid":{"rendered":"http:\/\/www.diocesigorizia.it\/caritas\/?page_id=44"},"modified":"2024-10-24T14:49:26","modified_gmt":"2024-10-24T12:49:26","slug":"emporio-della-solidarieta","status":"publish","type":"page","link":"https:\/\/www.diocesigorizia.it\/caritas\/emporio-della-solidarieta\/","title":{"rendered":"Emporio della Solidariet\u00e0"},"content":{"rendered":"<div class=\"TestoCorrente\">\n<p>L\u2019emporio \u00e8 un punto di distribuzione di generi alimentari per le persone che si trovano in difficolt\u00e0 economica, gestito come un supermercato. Per accedervi \u00e8 necessario rivolgersi prima ai <a href=\"http:\/\/www.diocesigorizia.it\/caritas\/centri-di-ascolto\/\">centri di ascolto<\/a> della propria parrocchia per valutare la situazione socio-economica del nucleo famigliare ed eventualmente raccogliere la documentazione necessaria che verr\u00e0 poi trasmessa all\u2019emporio di riferimento che a sua volta rilascer\u00e0 la tessera per accedervi.<\/p>\n<p>Sono presenti nella nostra diocesi 4 Empori: <a href=\"https:\/\/emporio.asslaginestra.it\/site\/index.php?area=2&amp;subarea=2\">Gorizia<\/a>, <a href=\"https:\/\/emporio.asslaginestra.it\/site\/index.php?area=2&amp;subarea=4\">Monfalcone<\/a>, <a href=\"https:\/\/emporio.asslaginestra.it\/site\/index.php?area=2&amp;subarea=3\">Gradisca, <\/a>Cervignano e Cormons.<\/p>\n<p>Dal 2024 sono sostenuti anche dall&#8217;8xmille della Chiesa cattolica.<\/p>\n<p>Per maggiori informazioni visita il sito <a href=\"https:\/\/emporio.asslaginestra.it\/site\/index.php?area=1&amp;subarea=1\">Emporio della solidariet\u00e0<\/a><\/p>\n\n\t\t<style type=\"text\/css\">\n\t\t\t#gallery-1 {\n\t\t\t\tmargin: auto;\n\t\t\t}\n\t\t\t#gallery-1 .gallery-item {\n\t\t\t\tfloat: left;\n\t\t\t\tmargin-top: 10px;\n\t\t\t\ttext-align: center;\n\t\t\t\twidth: 25%;\n\t\t\t}\n\t\t\t#gallery-1 img {\n\t\t\t\tborder: 2px solid #cfcfcf;\n\t\t\t}\n\t\t\t#gallery-1 .gallery-caption {\n\t\t\t\tmargin-left: 0;\n\t\t\t}\n\t\t\t\/* see gallery_shortcode() in wp-includes\/media.php *\/\n\t\t<\/style>\n\t\t<div id='gallery-1' class='gallery galleryid-44 gallery-columns-4 gallery-size-thumbnail'><dl class='gallery-item'>\n\t\t\t<dt class='gallery-icon landscape'>\n\t\t\t\t<a href='https:\/\/www.diocesigorizia.it\/caritas\/wp-content\/uploads\/sites\/2\/2021\/12\/emporio_gorizia.jpg' title=\"\" data-rl_title=\"\" class=\"rl-gallery-link\" data-rl_caption=\"\" data-rel=\"lightbox-gallery-1\"><img loading=\"lazy\" decoding=\"async\" width=\"150\" height=\"150\" src=\"https:\/\/www.diocesigorizia.it\/caritas\/wp-content\/uploads\/sites\/2\/2021\/12\/emporio_gorizia-150x150.jpg\" class=\"attachment-thumbnail size-thumbnail\" alt=\"\" aria-describedby=\"gallery-1-153\" \/><\/a>\n\t\t\t<\/dt>\n\t\t\t\t<dd class='wp-caption-text gallery-caption' id='gallery-1-153'>\n\t\t\t\tEmporio Gorizia\n\t\t\t\t<\/dd><\/dl><dl class='gallery-item'>\n\t\t\t<dt class='gallery-icon landscape'>\n\t\t\t\t<a href='https:\/\/www.diocesigorizia.it\/caritas\/wp-content\/uploads\/sites\/2\/2021\/12\/emporio_gradisca.jpg' title=\"\" data-rl_title=\"\" class=\"rl-gallery-link\" data-rl_caption=\"\" data-rel=\"lightbox-gallery-1\"><img loading=\"lazy\" decoding=\"async\" width=\"150\" height=\"150\" src=\"https:\/\/www.diocesigorizia.it\/caritas\/wp-content\/uploads\/sites\/2\/2021\/12\/emporio_gradisca-150x150.jpg\" class=\"attachment-thumbnail size-thumbnail\" alt=\"\" aria-describedby=\"gallery-1-154\" \/><\/a>\n\t\t\t<\/dt>\n\t\t\t\t<dd class='wp-caption-text gallery-caption' id='gallery-1-154'>\n\t\t\t\tEmporio Gradisca d&#8217;Isonzo\n\t\t\t\t<\/dd><\/dl><dl class='gallery-item'>\n\t\t\t<dt class='gallery-icon landscape'>\n\t\t\t\t<a href='https:\/\/www.diocesigorizia.it\/caritas\/wp-content\/uploads\/sites\/2\/2021\/12\/emporio_monfalcone.jpg' title=\"\" data-rl_title=\"\" class=\"rl-gallery-link\" data-rl_caption=\"\" data-rel=\"lightbox-gallery-1\"><img loading=\"lazy\" decoding=\"async\" width=\"150\" height=\"150\" src=\"https:\/\/www.diocesigorizia.it\/caritas\/wp-content\/uploads\/sites\/2\/2021\/12\/emporio_monfalcone-150x150.jpg\" class=\"attachment-thumbnail size-thumbnail\" alt=\"\" aria-describedby=\"gallery-1-155\" \/><\/a>\n\t\t\t<\/dt>\n\t\t\t\t<dd class='wp-caption-text gallery-caption' id='gallery-1-155'>\n\t\t\t\tEmporio Monfalcone\n\t\t\t\t<\/dd><\/dl><dl class='gallery-item'>\n\t\t\t<dt class='gallery-icon landscape'>\n\t\t\t\t<a href='https:\/\/www.diocesigorizia.it\/caritas\/wp-content\/uploads\/sites\/2\/2021\/12\/Emporio-Cervignano.jpg' title=\"\" data-rl_title=\"\" class=\"rl-gallery-link\" data-rl_caption=\"\" data-rel=\"lightbox-gallery-1\"><img loading=\"lazy\" decoding=\"async\" width=\"150\" height=\"150\" src=\"https:\/\/www.diocesigorizia.it\/caritas\/wp-content\/uploads\/sites\/2\/2021\/12\/Emporio-Cervignano-150x150.jpg\" class=\"attachment-thumbnail size-thumbnail\" alt=\"\" aria-describedby=\"gallery-1-152\" \/><\/a>\n\t\t\t<\/dt>\n\t\t\t\t<dd class='wp-caption-text gallery-caption' id='gallery-1-152'>\n\t\t\t\tEmporio Cervignano del Friuli\n\t\t\t\t<\/dd><\/dl><br style=\"clear: both\" \/><dl class='gallery-item'>\n\t\t\t<dt class='gallery-icon landscape'>\n\t\t\t\t<a href='https:\/\/www.diocesigorizia.it\/caritas\/wp-content\/uploads\/sites\/2\/2024\/10\/Vetrofanie-davanti.jpg' title=\"\" data-rl_title=\"\" class=\"rl-gallery-link\" data-rl_caption=\"\" data-rel=\"lightbox-gallery-1\"><img loading=\"lazy\" decoding=\"async\" width=\"150\" height=\"150\" src=\"https:\/\/www.diocesigorizia.it\/caritas\/wp-content\/uploads\/sites\/2\/2024\/10\/Vetrofanie-davanti-150x150.jpg\" class=\"attachment-thumbnail size-thumbnail\" alt=\"\" aria-describedby=\"gallery-1-2097\" \/><\/a>\n\t\t\t<\/dt>\n\t\t\t\t<dd class='wp-caption-text gallery-caption' id='gallery-1-2097'>\n\t\t\t\tEmporio di Cormons\n\t\t\t\t<\/dd><\/dl>\n\t\t\t<br style='clear: both' \/>\n\t\t<\/div>\n\n<\/div>\n","protected":false},"excerpt":{"rendered":"<p>Cosa puoi fare se hai bisogno di aiuto alimentare<\/p>\n","protected":false},"author":0,"featured_media":1997,"parent":0,"menu_order":0,"comment_status":"closed","ping_status":"closed","template":"","meta":{"_acf_changed":false,"ip_address":"","user_agent":"","level":"","revision":"","cookie_id":"","page_referer":"","html_form":"","footnotes":""},"acf":[],"_links":{"self":[{"href":"https:\/\/www.diocesigorizia.it\/caritas\/wp-json\/wp\/v2\/pages\/44"}],"collection":[{"href":"https:\/\/www.diocesigorizia.it\/caritas\/wp-json\/wp\/v2\/pages"}],"about":[{"href":"https:\/\/www.diocesigorizia.it\/caritas\/wp-json\/wp\/v2\/types\/page"}],"author":[{"embeddable":true,"href":"https:\/\/www.diocesigorizia.it\/caritas\/wp-json\/wp\/v2\/users\/1"}],"replies":[{"embeddable":true,"href":"https:\/\/www.diocesigorizia.it\/caritas\/wp-json\/wp\/v2\/comments?post=44"}],"version-history":[{"count":7,"href":"https:\/\/www.diocesigorizia.it\/caritas\/wp-json\/wp\/v2\/pages\/44\/revisions"}],"predecessor-version":[{"id":151,"href":"https:\/\/www.diocesigorizia.it\/caritas\/wp-json\/wp\/v2\/pages\/44\/revisions\/151"}],"wp:featuredmedia":[{"embeddable":true,"href":"https:\/\/www.diocesigorizia.it\/caritas\/wp-json\/wp\/v2\/media\/1997"}],"wp:attachment":[{"href":"https:\/\/www.diocesigorizia.it\/caritas\/wp-json\/wp\/v2\/media?parent=44"}],"curies":[{"name":"wp","href":"https:\/\/api.w.org\/{rel}","templated":true}]}}