{"id":41,"date":"2021-10-29T16:08:39","date_gmt":"2021-10-29T14:08:39","guid":{"rendered":"http:\/\/www.diocesigorizia.it\/caritas\/?page_id=41"},"modified":"2026-01-23T13:58:18","modified_gmt":"2026-01-23T12:58:18","slug":"centri-di-ascolto","status":"publish","type":"page","link":"https:\/\/www.diocesigorizia.it\/caritas\/centri-di-ascolto\/","title":{"rendered":"Centro di Ascolto"},"content":{"rendered":"<div id=\"pl-41\"  class=\"panel-layout\" ><div id=\"pg-41-0\"  class=\"panel-grid panel-has-style\" ><div class=\"row grid-x panel-row-style panel-row-style-for-41-0\" ><div id=\"pgc-41-0-0\"  class=\"panel-grid-cell cell columns small-12 medium-12\" ><div id=\"panel-41-0-0-0\" class=\"so-panel widget widget_siteorigin-panels-post-content panel-first-child\" data-index=\"0\" ><div style=\";background-repeat:repeat;\" class=\"panel-widget-style panel-widget-style-for-41-0-0-0\" ><h1 class=\"entry-title\">Centro di Ascolto<\/h1><\/div><\/div><div id=\"panel-41-0-0-1\" class=\"so-panel widget widget_sow-editor\" data-index=\"1\" ><div style=\";background-repeat:repeat;\" class=\"panel-widget-style panel-widget-style-for-41-0-0-1\" ><div\n\t\t\t\n\t\t\tclass=\"so-widget-sow-editor so-widget-sow-editor-base\"\n\t\t\t\n\t\t>\n<div class=\"siteorigin-widget-tinymce textwidget\">\n\t<blockquote>\n<p>\u201cIl primo servizio che si deve al prossimo \u00e8 quello di ascoltarlo\u201d (Dietrich Bonhoeffer)<\/p>\n<\/blockquote>\n<p>Il Centro di ascolto fa dell'<strong>ASCOLTO<\/strong> il suo <strong>MODO PROPRIO di SERVIZIO<\/strong>. Il suo \"fare\" prevalente \u00e8 l'ascolto, cuore della relazione di aiuto, dove chi ascolta e chi \u00e8 ascoltato vengono coinvolti, con ruoli diversi, in un progetto che, ricercando le soluzioni pi\u00f9 adeguate, punta a un processo di liberazione della persona dal bisogno.<br \/>\nDall'Ascolto e dall\u2019Accoglienza della persona conseguono le altre funzioni specifiche:<\/p>\n<ol>\n<li>Presa in carico delle storie di sofferenza e definizione di un progetto di \"liberazione\".<\/li>\n<li>Orientamento delle persone verso una rilettura delle reali esigenze e una ricerca delle soluzioni pi\u00f9 indicate e dei servizi pi\u00f9 adeguati presenti sul territorio.<\/li>\n<li>Accompagnamento di chi sperimenta la mancanza di punti di riferimento e di interlocutori che restituiscano la speranza di un cambiamento, mettendo in contatto la persona con i servizi presenti sul territorio ed attivando tutte le risorse possibili.<\/li>\n<li>Prima risposta per i bisogni pi\u00f9 urgenti, sempre attraverso il coinvolgimento delle comunit\u00e0 parrocchiali e del territorio.<\/li>\n<\/ol>\n<p>Il Centro di Ascolto si propone poi di dare voce ai bisogni che accoglie, divenendo una sorta di osservatorio, capace di tradurre quanto ascoltato e osservato in stimolo e a volte in denuncia, perch\u00e9, se necessario, si attivino e promuovano nuove risorse. \u00c8 una realt\u00e0 integrata nel territorio e opera in collaborazione con tutte le istituzioni del territorio.<\/p>\n<p>Generalmente i centri d'ascolto si trovano in tutte le parrocchie, si pu\u00f2 contattare il Centro d'Ascolto Diocesano di Gorizia per avere indicazioni sul Centro d'Ascolto Parrocchiale pi\u00f9 vicino.<\/p>\n<p>\u00c8 sostenuto grazie ai fondi 8xmille della Chiesa cattolica.<\/p>\n<h3>Centro d'ascolto diocesano - Orari, contatti e sede<\/h3>\n<p>Luned\u00ec, marted\u00ec, gioved\u00ec e venerd\u00ec, dalle 10:00 alle 12:00 ; mercoled\u00ec dalle 15:00 alle 17:00 SI ACCEDE SU APPUNTAMENTO<\/p>\n<p>Telefono: 0481 525188 int. 1<\/p>\n<p>Si trova a Gorizia presso l'Istituto 'D.G. Contavalle', in via Garzarolli, 131.<br \/>\n<iframe loading=\"lazy\" src=\"https:\/\/www.google.com\/maps\/embed?pb=!1m18!1m12!1m3!1d2775.0446190738435!2d13.61729445092111!3d45.93040801013247!2m3!1f0!2f0!3f0!3m2!1i1024!2i768!4f13.1!3m3!1m2!1s0x477b072d69eb2029%3A0xc05b99d9b3589a53!2sVia+Gian+Battista+Garzarolli%2C+131%2C+34170+Gorizia+GO!5e0!3m2!1sit!2sit!4v1519033470024\" width=\"400\" height=\"270\" frameborder=\"0\" allowfullscreen=\"allowfullscreen\"><span data-mce-type=\"bookmark\" class=\"mce_SELRES_start\">\ufeff<\/span><\/iframe><\/p>\n<h2>Centri d'ascolto parrocchiali - orari e sedi<\/h2>\n\n<table id=\"tablepress-3\" class=\"tablepress tablepress-id-3\">\n<thead>\n<tr class=\"row-1 odd\">\n\t<th class=\"column-1\">   CITT\u00c0-PARROCCHIA<\/th><th class=\"column-2\">          INDIRIZZO<\/th><th class=\"column-3\">             ORARIO<\/th>\n<\/tr>\n<\/thead>\n<tbody class=\"row-hover\">\n<tr class=\"row-2 even\">\n\t<td class=\"column-1\">AQUILEIA-FIUMICELLO<br \/>\nSs. Ermagora e Fortunato<\/td><td class=\"column-2\">P.zza Capitolo, 15<\/td><td class=\"column-3\">2\u00b0 e 4\u00b0 MERCOLED\u00cc del mese 14.30-15.30<\/td>\n<\/tr>\n<tr class=\"row-3 odd\">\n\t<td class=\"column-1\">CERVIGNANO<br \/>\nS. Michele Arc.<\/td><td class=\"column-2\">Via G. Verdi, 2<\/td><td class=\"column-3\">MARTED\u00cc 9.00-11.00<\/td>\n<\/tr>\n<tr class=\"row-4 even\">\n\t<td class=\"column-1\">CORMONS<br \/>\nS. Adalberto<\/td><td class=\"column-2\">Via Pozzetto,2<\/td><td class=\"column-3\">su appuntamento chiamando allo<br \/>\n392 4801938 o scrivere a caritascormons@libero.it GIOVED\u00cc 9.00-11.00<br \/>\nSportello vestiario GIOVED\u00cc 15.30-18.30<\/td>\n<\/tr>\n<tr class=\"row-5 odd\">\n\t<td class=\"column-1\"><\/td><td colspan=\"2\" class=\"column-2\">GORIZIA<\/td>\n<\/tr>\n<tr class=\"row-6 even\">\n\t<td class=\"column-1\">U.P. Porta aperta<\/td><td class=\"column-2\">via Rabatta, 18<\/td><td class=\"column-3\">MERCOLED\u00cc 18.00-19.30<br \/>\nSABATO 10.00-11.30<\/td>\n<\/tr>\n<tr class=\"row-7 odd\">\n\t<td class=\"column-1\">S. Giuseppe Artigiano (Straccis)<\/td><td class=\"column-2\">P.le della Pace, 1<\/td><td class=\"column-3\">GIOVED\u00cc 17.00-18.00<br \/>\n<\/td>\n<\/tr>\n<tr class=\"row-8 even\">\n\t<td class=\"column-1\">Nostra Signora di Lourdes (Madonnina)<\/td><td class=\"column-2\">Via Brigata Campobasso, 12<\/td><td class=\"column-3\">3\u00b0 MARTED\u00cc del mese 16.00-17.00<\/td>\n<\/tr>\n<tr class=\"row-9 odd\">\n\t<td class=\"column-1\">S. Giorgio Martire (Lucinico)<\/td><td class=\"column-2\">Via Giulio Cesare, 25<\/td><td class=\"column-3\">MARTED\u00cc 18.00-19.00<\/td>\n<\/tr>\n<tr class=\"row-10 even\">\n\t<td class=\"column-1\">GRADISCA             S.Spirito (Mercaduzzo)<\/td><td class=\"column-2\">P.zza Marconi, 27<\/td><td class=\"column-3\">MARTED\u00cc 10.00-12.00<\/td>\n<\/tr>\n<tr class=\"row-11 odd\">\n\t<td class=\"column-1\">GRADO<br \/>\nS.Eufemia<\/td><td class=\"column-2\">Via Marina c\/o asilo parrocchiale<\/td><td class=\"column-3\">SABATO 10.00-12.00 su appuntamento chiamando 331 7347863<\/td>\n<\/tr>\n<tr class=\"row-12 even\">\n\t<td class=\"column-1\">SAGRADO<br \/>\nS.Nicol\u00f2<\/td><td class=\"column-2\">Via G. Vittori, 12<\/td><td class=\"column-3\">1\u00b0 LUNED\u00cc del mese 10.00-11.00 3\u00b0MERCOLED\u00cc del mese 16.00-17.00<\/td>\n<\/tr>\n<tr class=\"row-13 odd\">\n\t<td class=\"column-1\"><\/td><td colspan=\"2\" class=\"column-2\">MONFALCONE<\/td>\n<\/tr>\n<tr class=\"row-14 even\">\n\t<td class=\"column-1\">Ss. Nicol\u00f2 e Paolo<\/td><td class=\"column-2\">Via I Maggio, 84<\/td><td class=\"column-3\">MERCOLED\u00cc 16.00-17.00 <\/td>\n<\/tr>\n<tr class=\"row-15 odd\">\n\t<td class=\"column-1\">S. Giuseppe<\/td><td class=\"column-2\">Piazzale don Pino De Luisa, 4<\/td><td class=\"column-3\">GIOVED\u00cc 17.00-18.00 preferibilmente su appuntamento chiamando 347 2772843<\/td>\n<\/tr>\n<tr class=\"row-16 even\">\n\t<td class=\"column-1\">ROMANS D\u2019ISONZO<br \/>\nS. Maria Annunziata<\/td><td class=\"column-2\">P.zza G. Candussi, 8<\/td><td class=\"column-3\">1\u00b0 e 3\u00b0 GIOVED\u00cc del mese 9.00-10.00<\/td>\n<\/tr>\n<tr class=\"row-17 odd\">\n\t<td class=\"column-1\">RONCHI<br \/>\nS. Lorenzo<\/td><td class=\"column-2\">Via S.Lorenzo, 7<\/td><td class=\"column-3\">MARTED\u00cc 16.00-17.00 VENERD\u00cc 10.00-11.00 3534494066 ronchi.caritas@libero.it<\/td>\n<\/tr>\n<tr class=\"row-18 even\">\n\t<td class=\"column-1\">SAN CANZIAN<br \/>\nSs. Canziani Martiri<\/td><td class=\"column-2\">P.zza Ss. Martiri, 15 c\/o oratorio<\/td><td class=\"column-3\">GIOVED\u00cc 18.00-19.30<\/td>\n<\/tr>\n<tr class=\"row-19 odd\">\n\t<td class=\"column-1\">STARANZANO<br \/>\nSs. Pietro e Paolo<\/td><td class=\"column-2\">Via De Amicis, 10<\/td><td class=\"column-3\">MARTED\u00cc 18.00-19.00<\/td>\n<\/tr>\n<\/tbody>\n<\/table>\n<!-- #tablepress-3 from cache -->\n<\/div>\n<\/div><\/div><\/div><div id=\"panel-41-0-0-2\" class=\"so-panel widget widget_seed-so-widget-all-in-one-lite panel-last-child\" data-index=\"2\" ><div style=\";background-repeat:repeat;\" id=\"news_hp\" class=\"panel-widget-style panel-widget-style-for-41-0-0-2\" ><div\n\t\t\t\n\t\t\tclass=\"so-widget-seed-so-widget-all-in-one-lite so-widget-seed-so-widget-all-in-one-lite-default-d75171398898-41\"\n\t\t\t\n\t\t><div>                             <div class=\"single_news\">\n<h4 class=\"occhiello\"><\/h4>\n<div class=\"img_news\"><a href=\"https:\/\/www.diocesigorizia.it\/caritas\/la-dolcezza-della-solidarieta\/\"><img decoding=\"async\" src=\"https:\/\/www.diocesigorizia.it\/caritas\/wp-content\/uploads\/sites\/2\/2025\/10\/WhatsApp-Image-2025-10-29-at-17.46.41-300x169.jpeg\" \/><\/a><\/div>\n<h2><a href=\"https:\/\/www.diocesigorizia.it\/caritas\/la-dolcezza-della-solidarieta\/\">La dolcezza della solidariet\u00e0<\/a><\/h2>\n<h4 class=\"sottotitolo_mews\">All\u2019evento \"Go Makers\" distribuiti, su offerta libera, favette e biscottini il cui ricavato \u00e8 stato donato al Centro di Ascolto della Caritas diocesana<\/h4>\n<\/div>\n                                                       <div class=\"single_news\">\n<h4 class=\"occhiello\"><\/h4>\n<div class=\"img_news\"><a href=\"https:\/\/www.diocesigorizia.it\/caritas\/essere-un-appoggio-quando-le-persone-cadono\/\"><img decoding=\"async\" src=\"https:\/\/www.diocesigorizia.it\/caritas\/wp-content\/uploads\/sites\/2\/2025\/10\/WhatsApp-Image-2025-09-19-at-14.08.35-300x225.jpeg\" \/><\/a><\/div>\n<h2><a href=\"https:\/\/www.diocesigorizia.it\/caritas\/essere-un-appoggio-quando-le-persone-cadono\/\">\u201cEssere un appoggio quando le persone cadono\u201d<\/a><\/h2>\n<h4 class=\"sottotitolo_mews\">Spesso il Centro di Ascolto della Caritas diocesana di Goriza accoglie studenti universitari per lo svolgimento del loro tirocinio formativo. \u00c8 questo il caso di Camilla, giovane studentessa di Educazione professionale<\/h4>\n<\/div>\n                                                       <div class=\"single_news\">\n<h4 class=\"occhiello\"><\/h4>\n<div class=\"img_news\"><a href=\"https:\/\/www.diocesigorizia.it\/caritas\/vicini-agli-anziani-e-alle-loro-famiglie\/\"><img decoding=\"async\" src=\"https:\/\/www.diocesigorizia.it\/caritas\/wp-content\/uploads\/sites\/2\/2024\/09\/pexels-olly-3768131-300x200.jpg\" \/><\/a><\/div>\n<h2><a href=\"https:\/\/www.diocesigorizia.it\/caritas\/vicini-agli-anziani-e-alle-loro-famiglie\/\">Vicini agli anziani e alle loro famiglie<\/a><\/h2>\n<h4 class=\"sottotitolo_mews\">Al via la formazione per volontari Caritas del Decanato di Monfalcone - Ronchi - Duino; il percorso si sviluppa all\u2019interno del progetto regionale Si.Fa.Rete, cui aderiscono anche le quattro Caritas diocesane regionali<\/h4>\n<\/div>\n                                                       <div class=\"single_news\">\n<h4 class=\"occhiello\"><\/h4>\n<div class=\"img_news\"><a href=\"https:\/\/www.diocesigorizia.it\/caritas\/un-terreno-comune-contro-lo-sfruttamento-lavorativo\/\"><img decoding=\"async\" src=\"https:\/\/www.diocesigorizia.it\/caritas\/wp-content\/uploads\/sites\/2\/2023\/09\/pexels-srikanth-thakkolam-2049001-300x181.jpg\" \/><\/a><\/div>\n<h2><a href=\"https:\/\/www.diocesigorizia.it\/caritas\/un-terreno-comune-contro-lo-sfruttamento-lavorativo\/\">Un &#8220;terreno comune&#8221; contro lo sfruttamento lavorativo<\/a><\/h2>\n<h4 class=\"sottotitolo_mews\">Progetto finanziato dal Fondo Sociale Europeo PON Inclusione, Ministero del Lavoro e delle Politiche Sociali e che ha tra i partner anche la Regione autonoma FVG<\/h4>\n<\/div>\n                                                       <div class=\"single_news\">\n<h4 class=\"occhiello\"><\/h4>\n<div class=\"img_news\"><a href=\"https:\/\/www.diocesigorizia.it\/caritas\/la-poverta-vissuta-tra-fragilita-e-solitudine\/\"><img decoding=\"async\" src=\"https:\/\/www.diocesigorizia.it\/caritas\/wp-content\/uploads\/sites\/2\/2023\/07\/presentazione-Report-2023-300x143.jpg\" \/><\/a><\/div>\n<h2><a href=\"https:\/\/www.diocesigorizia.it\/caritas\/la-poverta-vissuta-tra-fragilita-e-solitudine\/\">La povert\u00e0 vissuta tra fragilit\u00e0 e solitudine<\/a><\/h2>\n<h4 class=\"sottotitolo_mews\">La povert\u00e0 in Italia pu\u00f2 ormai dirsi un fenomeno strutturale, visto che tocca quasi un residente su dieci; i dati dal Report Statistico Nazionale 2023 di Caritas Italiana e un focus sulla situazione in Diocesi<\/h4>\n<\/div>\n                                                       <div class=\"single_news\">\n<h4 class=\"occhiello\"><\/h4>\n<div class=\"img_news\"><a href=\"https:\/\/www.diocesigorizia.it\/caritas\/dormitori-risposte-concrete-a-monfalcone-e-gorizia\/\"><img decoding=\"async\" src=\"https:\/\/www.diocesigorizia.it\/caritas\/wp-content\/uploads\/sites\/2\/2023\/06\/Dormitori-risposte-concrete-a-Monfalcone-e-Gorizia_articleimage-300x171.jpg\" \/><\/a><\/div>\n<h2><a href=\"https:\/\/www.diocesigorizia.it\/caritas\/dormitori-risposte-concrete-a-monfalcone-e-gorizia\/\">Dormitori: risposte concrete a Monfalcone e Gorizia<\/a><\/h2>\n<h4 class=\"sottotitolo_mews\">Un servizio questo che \u00e8 reso possibile grazie al fondamentale sostegno dei Fondi 8xmille a disposizione dell'Arcidiocesi di Gorizia per le opere di Carit\u00e0, e anche grazie all'importante sostegno della Cassa Rurale ed Artigiana del Friuli Venezia Giulia e della Banca di Credito Cooperativo di Staranzano e Villesse<\/h4>\n<\/div>\n                                                       <div class=\"single_news\">\n<h4 class=\"occhiello\"><\/h4>\n<div class=\"img_news\"><a href=\"https:\/\/www.diocesigorizia.it\/caritas\/siamo-al-nostro-meglio-quando-serviamo-gli-altri\/\"><img decoding=\"async\" src=\"https:\/\/www.diocesigorizia.it\/caritas\/wp-content\/uploads\/sites\/2\/2023\/04\/Siamo-al-nostro-meglio-quando-serviamo-gli-altri_articleimage-300x171.jpg\" \/><\/a><\/div>\n<h2><a href=\"https:\/\/www.diocesigorizia.it\/caritas\/siamo-al-nostro-meglio-quando-serviamo-gli-altri\/\">&#8220;Siamo al nostro meglio quando serviamo gli altri&#8221;<\/a><\/h2>\n<h4 class=\"sottotitolo_mews\">Siamo ancora in grado di prenderci cura dell\u2019altro? Un esempio di \"cura\" \u00e8 il progetto Riparto da Casa<\/h4>\n<\/div>\n                                                       <div class=\"single_news\">\n<h4 class=\"occhiello\"><\/h4>\n<div class=\"img_news\"><a href=\"https:\/\/www.diocesigorizia.it\/caritas\/attivato-il-servizio-di-informativa-legale\/\"><img decoding=\"async\" src=\"https:\/\/www.diocesigorizia.it\/caritas\/wp-content\/uploads\/sites\/2\/2023\/02\/20221121_200145-300x225.jpg\" \/><\/a><\/div>\n<h2><a href=\"https:\/\/www.diocesigorizia.it\/caritas\/attivato-il-servizio-di-informativa-legale\/\">Attivato il servizio di informativa legale<\/a><\/h2>\n<h4 class=\"sottotitolo_mews\">Messo in campo da Caritas diocesana e Consiglio Italiano per i Rifugiati, \u00e8 riservato a migranti, richiedenti asilo e titolari di protezione internazionale o speciale sul territorio di Gorizia e al di fuori del circuito di accoglienza ministeriale<\/h4>\n<\/div>\n                                                       <div class=\"single_news\">\n<h4 class=\"occhiello\"><\/h4>\n<div class=\"img_news\"><a href=\"https:\/\/www.diocesigorizia.it\/caritas\/2022%e2%80%88un-anno-con-la-caritas-diocesana\/\"><img decoding=\"async\" src=\"https:\/\/www.diocesigorizia.it\/caritas\/wp-content\/uploads\/sites\/2\/2022\/09\/IMG_0638-300x200.jpg\" \/><\/a><\/div>\n<h2><a href=\"https:\/\/www.diocesigorizia.it\/caritas\/2022%e2%80%88un-anno-con-la-caritas-diocesana\/\">2022:\u2008un anno con la Caritas diocesana<\/a><\/h2>\n<h4 class=\"sottotitolo_mews\">Ripercorriamo insieme le numerose attivit\u00e0 proposte, che hanno coinvolto l\u2019intera diocesi<\/h4>\n<\/div>\n                                                       <div class=\"single_news\">\n<h4 class=\"occhiello\"><\/h4>\n<div class=\"img_news\"><a href=\"https:\/\/www.diocesigorizia.it\/caritas\/report-sulla-poverta-2022-della-caritas-diocesana-di-gorizia\/\"><img decoding=\"async\" src=\"https:\/\/www.diocesigorizia.it\/caritas\/wp-content\/uploads\/sites\/2\/2022\/11\/pexels-inzmam-khan-1134204-300x152.jpg\" \/><\/a><\/div>\n<h2><a href=\"https:\/\/www.diocesigorizia.it\/caritas\/report-sulla-poverta-2022-della-caritas-diocesana-di-gorizia\/\">Report sulla Povert\u00e0 2022 della Caritas diocesana di Gorizia<\/a><\/h2>\n<h4 class=\"sottotitolo_mews\">I dati illustrati si basano sul lavoro di ascolto, accompagnamento e sostegno svolto nell'intero arco dell'anno 2021 da 21 Centri di Ascolto e di Distribuzione presenti sul territorio diocesano<\/h4>\n<\/div>\n                           <\/div><\/div><\/div><\/div><\/div><\/div><\/div><\/div>","protected":false},"excerpt":{"rendered":"<p>A chi e dove puoi rivolgerti<\/p>\n","protected":false},"author":0,"featured_media":5102,"parent":0,"menu_order":0,"comment_status":"closed","ping_status":"closed","template":"","meta":{"_acf_changed":false,"ip_address":"","user_agent":"","level":"","revision":"","cookie_id":"","page_referer":"","html_form":"","footnotes":""},"acf":[],"_links":{"self":[{"href":"https:\/\/www.diocesigorizia.it\/caritas\/wp-json\/wp\/v2\/pages\/41"}],"collection":[{"href":"https:\/\/www.diocesigorizia.it\/caritas\/wp-json\/wp\/v2\/pages"}],"about":[{"href":"https:\/\/www.diocesigorizia.it\/caritas\/wp-json\/wp\/v2\/types\/page"}],"author":[{"embeddable":true,"href":"https:\/\/www.diocesigorizia.it\/caritas\/wp-json\/wp\/v2\/users\/1"}],"replies":[{"embeddable":true,"href":"https:\/\/www.diocesigorizia.it\/caritas\/wp-json\/wp\/v2\/comments?post=41"}],"version-history":[{"count":15,"href":"https:\/\/www.diocesigorizia.it\/caritas\/wp-json\/wp\/v2\/pages\/41\/revisions"}],"predecessor-version":[{"id":5104,"href":"https:\/\/www.diocesigorizia.it\/caritas\/wp-json\/wp\/v2\/pages\/41\/revisions\/5104"}],"wp:featuredmedia":[{"embeddable":true,"href":"https:\/\/www.diocesigorizia.it\/caritas\/wp-json\/wp\/v2\/media\/5102"}],"wp:attachment":[{"href":"https:\/\/www.diocesigorizia.it\/caritas\/wp-json\/wp\/v2\/media?parent=41"}],"curies":[{"name":"wp","href":"https:\/\/api.w.org\/{rel}","templated":true}]}}